{"id":9304,"date":"2021-03-31T07:33:08","date_gmt":"2021-03-31T07:33:08","guid":{"rendered":"https:\/\/mediterraneanday.com\/learn"},"modified":"2021-11-19T13:33:31","modified_gmt":"2021-11-19T13:33:31","slug":"learn","status":"publish","type":"page","link":"https:\/\/mediterraneanday.com\/ca\/learn","title":{"rendered":"Learn"},"content":{"rendered":"\t\t<div data-elementor-type=\"wp-page\" data-elementor-id=\"9304\" class=\"elementor elementor-9304 elementor-1376\" data-elementor-post-type=\"page\">\n\t\t\t\t\t\t<section class=\"elementor-section elementor-top-section elementor-element elementor-element-6324510 elementor-section-stretched elementor-section-boxed elementor-section-height-default elementor-section-height-default\" data-id=\"6324510\" data-element_type=\"section\" data-e-type=\"section\" data-settings=\"{&quot;stretch_section&quot;:&quot;section-stretched&quot;,&quot;background_background&quot;:&quot;classic&quot;}\">\n\t\t\t\t\t\t<div class=\"elementor-container elementor-column-gap-default\">\n\t\t\t\t\t<div class=\"elementor-column elementor-col-100 elementor-top-column elementor-element elementor-element-3c06e28\" data-id=\"3c06e28\" data-element_type=\"column\" data-e-type=\"column\">\n\t\t\t<div class=\"elementor-widget-wrap elementor-element-populated\">\n\t\t\t\t\t\t<div class=\"elementor-element elementor-element-fef2134 elementor-widget elementor-widget-heading\" data-id=\"fef2134\" data-element_type=\"widget\" data-e-type=\"widget\" data-widget_type=\"heading.default\">\n\t\t\t\t<div class=\"elementor-widget-container\">\n\t\t\t\t\t<h1 class=\"elementor-heading-title elementor-size-default\">apr\u00e8n<\/h1>\t\t\t\t<\/div>\n\t\t\t\t<\/div>\n\t\t\t\t\t<\/div>\n\t\t<\/div>\n\t\t\t\t\t<\/div>\n\t\t<\/section>\n\t\t\t\t<section class=\"elementor-section elementor-top-section elementor-element elementor-element-1eb3687 elementor-section-full_width elementor-section-stretched elementor-section-height-default elementor-section-height-default\" data-id=\"1eb3687\" data-element_type=\"section\" data-e-type=\"section\" data-settings=\"{&quot;stretch_section&quot;:&quot;section-stretched&quot;}\">\n\t\t\t\t\t\t<div class=\"elementor-container elementor-column-gap-default\">\n\t\t\t\t\t<div class=\"elementor-column elementor-col-50 elementor-top-column elementor-element elementor-element-61b6174\" data-id=\"61b6174\" data-element_type=\"column\" data-e-type=\"column\" data-settings=\"{&quot;background_background&quot;:&quot;classic&quot;}\">\n\t\t\t<div class=\"elementor-widget-wrap elementor-element-populated\">\n\t\t\t\t\t\t<section class=\"elementor-section elementor-inner-section elementor-element elementor-element-db6a1f4 elementor-section-boxed elementor-section-height-default elementor-section-height-default\" data-id=\"db6a1f4\" data-element_type=\"section\" data-e-type=\"section\">\n\t\t\t\t\t\t<div class=\"elementor-container elementor-column-gap-default\">\n\t\t\t\t\t<div class=\"elementor-column elementor-col-33 elementor-inner-column elementor-element elementor-element-f93f048\" data-id=\"f93f048\" data-element_type=\"column\" data-e-type=\"column\">\n\t\t\t<div class=\"elementor-widget-wrap\">\n\t\t\t\t\t\t\t<\/div>\n\t\t<\/div>\n\t\t\t\t<div class=\"elementor-column elementor-col-33 elementor-inner-column elementor-element elementor-element-6361528\" data-id=\"6361528\" data-element_type=\"column\" data-e-type=\"column\">\n\t\t\t<div class=\"elementor-widget-wrap elementor-element-populated\">\n\t\t\t\t\t\t<div class=\"elementor-element elementor-element-a059347 elementor-widget elementor-widget-heading\" data-id=\"a059347\" data-element_type=\"widget\" data-e-type=\"widget\" data-widget_type=\"heading.default\">\n\t\t\t\t<div class=\"elementor-widget-container\">\n\t\t\t\t\t<h2 class=\"elementor-heading-title elementor-size-default\">Neix el Dia de la Mediterr\u00e0nia<\/h2>\t\t\t\t<\/div>\n\t\t\t\t<\/div>\n\t\t\t\t<div class=\"elementor-element elementor-element-e4c6c64 elementor-widget elementor-widget-text-editor\" data-id=\"e4c6c64\" data-element_type=\"widget\" data-e-type=\"widget\" data-widget_type=\"text-editor.default\">\n\t\t\t\t<div class=\"elementor-widget-container\">\n\t\t\t\t\t\t\t\t\t<p>Al novembre del 2020, els 42 Estats membres de la Uni\u00f3 per la Mediterr\u00e0nia van declarar oficialment el 28 de novembre com el Dia de la Mediterr\u00e0nia, que se celebrar\u00e0 cada any, i van fer una crida a tota la comunitat mediterr\u00e0nia i a totes aquelles persones que s&#8217;identifiquen amb la Mediterr\u00e0nia a celebrar l&#8217;her\u00e8ncia mil\u00b7len\u00e0ria on hi ha humanisme, coneixement i di\u00e0leg cultural.<\/p><p>Avui la Mediterr\u00e0nia desperta en nosaltres un ampli ventall d&#8217;emocions i \u00e9s un element central a les nostres vides. \u00c9s una terra fascinant per a alguns, una font de suport per a d&#8217;altres i una llar per a molts altres. \u00c9s aqu\u00ed, a la Mediterr\u00e0nia, on el passat \u00e9s sempre present i \u201cl&#8217;altre\u201d mai no \u00e9s lluny.<\/p><p>Aquesta decisi\u00f3 un\u00e0nime dels estats membres arriba en un moment dif\u00edcil, ja que ens enfrontem a una crisi sense precedents. Tanmateix, no ens podem permetre perdre l&#8217;esperan\u00e7a. Hem de recordar \u2013i celebrar\u2013 la riquesa de la Mediterr\u00e0nia: rica en la seva hist\u00f2ria, els seus recursos naturals i els pobles que la componen, la nostra regi\u00f3 t\u00e9 un immens potencial. El nostre futur est\u00e0 escrit a la llum de l&#8217;esperan\u00e7a, mentre constru\u00efm junts el futur que volem.<\/p>\t\t\t\t\t\t\t\t<\/div>\n\t\t\t\t<\/div>\n\t\t\t\t\t<\/div>\n\t\t<\/div>\n\t\t\t\t<div class=\"elementor-column elementor-col-33 elementor-inner-column elementor-element elementor-element-8641f58\" data-id=\"8641f58\" data-element_type=\"column\" data-e-type=\"column\">\n\t\t\t<div class=\"elementor-widget-wrap\">\n\t\t\t\t\t\t\t<\/div>\n\t\t<\/div>\n\t\t\t\t\t<\/div>\n\t\t<\/section>\n\t\t\t\t\t<\/div>\n\t\t<\/div>\n\t\t\t\t<div class=\"elementor-column elementor-col-50 elementor-top-column elementor-element elementor-element-0664f2c\" data-id=\"0664f2c\" data-element_type=\"column\" data-e-type=\"column\" data-settings=\"{&quot;background_background&quot;:&quot;classic&quot;}\">\n\t\t\t<div class=\"elementor-widget-wrap\">\n\t\t\t\t\t\t\t<\/div>\n\t\t<\/div>\n\t\t\t\t\t<\/div>\n\t\t<\/section>\n\t\t\t\t<section class=\"elementor-section elementor-top-section elementor-element elementor-element-2eaf112 elementor-section-full_width elementor-section-stretched elementor-section-height-default elementor-section-height-default\" data-id=\"2eaf112\" data-element_type=\"section\" data-e-type=\"section\" data-settings=\"{&quot;stretch_section&quot;:&quot;section-stretched&quot;,&quot;background_background&quot;:&quot;classic&quot;}\">\n\t\t\t\t\t\t<div class=\"elementor-container elementor-column-gap-default\">\n\t\t\t\t\t<div class=\"elementor-column elementor-col-33 elementor-top-column elementor-element elementor-element-659d66d\" data-id=\"659d66d\" data-element_type=\"column\" data-e-type=\"column\">\n\t\t\t<div class=\"elementor-widget-wrap\">\n\t\t\t\t\t\t\t<\/div>\n\t\t<\/div>\n\t\t\t\t<div class=\"elementor-column elementor-col-33 elementor-top-column elementor-element elementor-element-39db08e\" data-id=\"39db08e\" data-element_type=\"column\" data-e-type=\"column\">\n\t\t\t<div class=\"elementor-widget-wrap elementor-element-populated\">\n\t\t\t\t\t\t<div class=\"elementor-element elementor-element-8f94f9a elementor-widget elementor-widget-heading\" data-id=\"8f94f9a\" data-element_type=\"widget\" data-e-type=\"widget\" data-widget_type=\"heading.default\">\n\t\t\t\t<div class=\"elementor-widget-container\">\n\t\t\t\t\t<h2 class=\"elementor-heading-title elementor-size-default\">Per qu\u00e8 el 28 de novembre?<\/h2>\t\t\t\t<\/div>\n\t\t\t\t<\/div>\n\t\t\t\t<div class=\"elementor-element elementor-element-e2fb0d0 elementor-widget elementor-widget-text-editor\" data-id=\"e2fb0d0\" data-element_type=\"widget\" data-e-type=\"widget\" data-widget_type=\"text-editor.default\">\n\t\t\t\t<div class=\"elementor-widget-container\">\n\t\t\t\t\t\t\t\t\t<p>El 28 de novembre del 1995, els ministres d&#8217;Afers Estrangers de la UE i de 12 pa\u00efsos del sud i l&#8217;est de la Mediterr\u00e0nia van celebrar a Barcelona la primera Confer\u00e8ncia Euromediterr\u00e0nia i van signar un acord per posar en marxa el Proc\u00e9s d&#8217;Associaci\u00f3 Euro Mediterr\u00e0nia. El proc\u00e9s de Barcelona va n\u00e9ixer com un nou marc de di\u00e0leg a partir de l&#8217;objectiu compartit de convertir la regi\u00f3 mediterr\u00e0nia en un espai com\u00fa de pau, estabilitat, seguretat i progr\u00e9s socioecon\u00f2mic i de di\u00e0leg entre els pobles. El Dia de la Mediterr\u00e0nia \u00e9s un recordatori valu\u00f3s d&#8217;aquest comprom\u00eds, per continuar avan\u00e7ant junts, malgrat els reptes que puguin sorgir.<\/p>\t\t\t\t\t\t\t\t<\/div>\n\t\t\t\t<\/div>\n\t\t\t\t<div class=\"elementor-element elementor-element-be976cc elementor-align-center elementor-widget elementor-widget-button\" data-id=\"be976cc\" data-element_type=\"widget\" data-e-type=\"widget\" data-widget_type=\"button.default\">\n\t\t\t\t<div class=\"elementor-widget-container\">\n\t\t\t\t\t\t\t\t\t<div class=\"elementor-button-wrapper\">\n\t\t\t\t\t<a class=\"elementor-button elementor-button-link elementor-size-sm\" href=\"\/es\/share\">\n\t\t\t\t\t\t<span class=\"elementor-button-content-wrapper\">\n\t\t\t\t\t\t\t\t\t<span class=\"elementor-button-text\">Uneix-te a la campanya #MediterraneanDay<\/span>\n\t\t\t\t\t<\/span>\n\t\t\t\t\t<\/a>\n\t\t\t\t<\/div>\n\t\t\t\t\t\t\t\t<\/div>\n\t\t\t\t<\/div>\n\t\t\t\t\t<\/div>\n\t\t<\/div>\n\t\t\t\t<div class=\"elementor-column elementor-col-33 elementor-top-column elementor-element elementor-element-7f603f2\" data-id=\"7f603f2\" data-element_type=\"column\" data-e-type=\"column\">\n\t\t\t<div class=\"elementor-widget-wrap\">\n\t\t\t\t\t\t\t<\/div>\n\t\t<\/div>\n\t\t\t\t\t<\/div>\n\t\t<\/section>\n\t\t\t\t<\/div>\n\t\t","protected":false},"excerpt":{"rendered":"<p>apr\u00e8n Neix el Dia de la Mediterr\u00e0nia Al novembre del 2020, els 42 Estats membres de la Uni\u00f3 per la Mediterr\u00e0nia van declarar oficialment el 28 de novembre com el Dia de la Mediterr\u00e0nia, que se celebrar\u00e0 cada any, i van fer una crida a tota la comunitat mediterr\u00e0nia i a totes aquelles persones que &#8230; <a title=\"Learn\" class=\"read-more\" href=\"https:\/\/mediterraneanday.com\/ca\/learn\" aria-label=\"M\u00e9s informaci\u00f3 sobre Learn\">Llegiu m\u00e9s<\/a><\/p>\n","protected":false},"author":1,"featured_media":0,"parent":0,"menu_order":0,"comment_status":"closed","ping_status":"closed","template":"","meta":{"footnotes":""},"class_list":["post-9304","page","type-page","status-publish"],"yoast_head":"<!-- This site is optimized with the Yoast SEO Premium plugin v19.1 (Yoast SEO v27.2) - https:\/\/yoast.com\/product\/yoast-seo-premium-wordpress\/ -->\n<title>Learn - Mediterranean Day<\/title>\n<meta name=\"robots\" content=\"index, follow, max-snippet:-1, max-image-preview:large, max-video-preview:-1\" \/>\n<link rel=\"canonical\" href=\"https:\/\/mediterranean-day-a1.c.wetopi.com\/ca\/learn\" \/>\n<meta property=\"og:locale\" content=\"ca_ES\" \/>\n<meta property=\"og:type\" content=\"article\" \/>\n<meta property=\"og:title\" content=\"Learn\" \/>\n<meta property=\"og:description\" content=\"apr\u00e8n Neix el Dia de la Mediterr\u00e0nia Al novembre del 2020, els 42 Estats membres de la Uni\u00f3 per la Mediterr\u00e0nia van declarar oficialment el 28 de novembre com el Dia de la Mediterr\u00e0nia, que se celebrar\u00e0 cada any, i van fer una crida a tota la comunitat mediterr\u00e0nia i a totes aquelles persones que ... Llegiu m\u00e9s\" \/>\n<meta property=\"og:url\" content=\"https:\/\/mediterranean-day-a1.c.wetopi.com\/ca\/learn\" \/>\n<meta property=\"og:site_name\" content=\"Mediterranean Day\" \/>\n<meta property=\"article:modified_time\" content=\"2021-11-19T13:33:31+00:00\" \/>\n<meta name=\"twitter:card\" content=\"summary_large_image\" \/>\n<meta name=\"twitter:label1\" content=\"Temps estimat de lectura\" \/>\n\t<meta name=\"twitter:data1\" content=\"2 minuts\" \/>\n<script type=\"application\/ld+json\" class=\"yoast-schema-graph\">{\"@context\":\"https:\/\/schema.org\",\"@graph\":[{\"@type\":\"WebPage\",\"@id\":\"https:\/\/mediterranean-day-a1.c.wetopi.com\/ca\/learn\",\"url\":\"https:\/\/mediterranean-day-a1.c.wetopi.com\/ca\/learn\",\"name\":\"Learn - Mediterranean Day\",\"isPartOf\":{\"@id\":\"https:\/\/mediterranean-day-a1.c.wetopi.com\/#website\"},\"datePublished\":\"2021-03-31T07:33:08+00:00\",\"dateModified\":\"2021-11-19T13:33:31+00:00\",\"breadcrumb\":{\"@id\":\"https:\/\/mediterranean-day-a1.c.wetopi.com\/ca\/learn#breadcrumb\"},\"inLanguage\":\"ca\",\"potentialAction\":[{\"@type\":\"ReadAction\",\"target\":[\"https:\/\/mediterranean-day-a1.c.wetopi.com\/ca\/learn\"]}]},{\"@type\":\"BreadcrumbList\",\"@id\":\"https:\/\/mediterranean-day-a1.c.wetopi.com\/ca\/learn#breadcrumb\",\"itemListElement\":[{\"@type\":\"ListItem\",\"position\":1,\"name\":\"Home\",\"item\":\"https:\/\/mediterraneanday.com\/\"},{\"@type\":\"ListItem\",\"position\":2,\"name\":\"Learn\"}]},{\"@type\":\"WebSite\",\"@id\":\"https:\/\/mediterranean-day-a1.c.wetopi.com\/#website\",\"url\":\"https:\/\/mediterranean-day-a1.c.wetopi.com\/\",\"name\":\"Mediterranean Day\",\"description\":\"Celebrating the Mediterranean\",\"publisher\":{\"@id\":\"https:\/\/mediterranean-day-a1.c.wetopi.com\/#organization\"},\"potentialAction\":[{\"@type\":\"SearchAction\",\"target\":{\"@type\":\"EntryPoint\",\"urlTemplate\":\"https:\/\/mediterranean-day-a1.c.wetopi.com\/?s={search_term_string}\"},\"query-input\":{\"@type\":\"PropertyValueSpecification\",\"valueRequired\":true,\"valueName\":\"search_term_string\"}}],\"inLanguage\":\"ca\"},{\"@type\":\"Organization\",\"@id\":\"https:\/\/mediterranean-day-a1.c.wetopi.com\/#organization\",\"name\":\"Mediterranean Day\",\"url\":\"https:\/\/mediterranean-day-a1.c.wetopi.com\/\",\"logo\":{\"@type\":\"ImageObject\",\"inLanguage\":\"ca\",\"@id\":\"https:\/\/mediterranean-day-a1.c.wetopi.com\/#\/schema\/logo\/image\/\",\"url\":\"https:\/\/mediterraneanday.com\/wp-content\/uploads\/2020\/11\/med-day-logo.svg\",\"contentUrl\":\"https:\/\/mediterraneanday.com\/wp-content\/uploads\/2020\/11\/med-day-logo.svg\",\"width\":1004,\"height\":866,\"caption\":\"Mediterranean Day\"},\"image\":{\"@id\":\"https:\/\/mediterranean-day-a1.c.wetopi.com\/#\/schema\/logo\/image\/\"}}]}<\/script>\n<!-- \/ Yoast SEO Premium plugin. -->","yoast_head_json":{"title":"Learn - Mediterranean Day","robots":{"index":"index","follow":"follow","max-snippet":"max-snippet:-1","max-image-preview":"max-image-preview:large","max-video-preview":"max-video-preview:-1"},"canonical":"https:\/\/mediterranean-day-a1.c.wetopi.com\/ca\/learn","og_locale":"ca_ES","og_type":"article","og_title":"Learn","og_description":"apr\u00e8n Neix el Dia de la Mediterr\u00e0nia Al novembre del 2020, els 42 Estats membres de la Uni\u00f3 per la Mediterr\u00e0nia van declarar oficialment el 28 de novembre com el Dia de la Mediterr\u00e0nia, que se celebrar\u00e0 cada any, i van fer una crida a tota la comunitat mediterr\u00e0nia i a totes aquelles persones que ... Llegiu m\u00e9s","og_url":"https:\/\/mediterranean-day-a1.c.wetopi.com\/ca\/learn","og_site_name":"Mediterranean Day","article_modified_time":"2021-11-19T13:33:31+00:00","twitter_card":"summary_large_image","twitter_misc":{"Temps estimat de lectura":"2 minuts"},"schema":{"@context":"https:\/\/schema.org","@graph":[{"@type":"WebPage","@id":"https:\/\/mediterranean-day-a1.c.wetopi.com\/ca\/learn","url":"https:\/\/mediterranean-day-a1.c.wetopi.com\/ca\/learn","name":"Learn - Mediterranean Day","isPartOf":{"@id":"https:\/\/mediterranean-day-a1.c.wetopi.com\/#website"},"datePublished":"2021-03-31T07:33:08+00:00","dateModified":"2021-11-19T13:33:31+00:00","breadcrumb":{"@id":"https:\/\/mediterranean-day-a1.c.wetopi.com\/ca\/learn#breadcrumb"},"inLanguage":"ca","potentialAction":[{"@type":"ReadAction","target":["https:\/\/mediterranean-day-a1.c.wetopi.com\/ca\/learn"]}]},{"@type":"BreadcrumbList","@id":"https:\/\/mediterranean-day-a1.c.wetopi.com\/ca\/learn#breadcrumb","itemListElement":[{"@type":"ListItem","position":1,"name":"Home","item":"https:\/\/mediterraneanday.com\/"},{"@type":"ListItem","position":2,"name":"Learn"}]},{"@type":"WebSite","@id":"https:\/\/mediterranean-day-a1.c.wetopi.com\/#website","url":"https:\/\/mediterranean-day-a1.c.wetopi.com\/","name":"Mediterranean Day","description":"Celebrating the Mediterranean","publisher":{"@id":"https:\/\/mediterranean-day-a1.c.wetopi.com\/#organization"},"potentialAction":[{"@type":"SearchAction","target":{"@type":"EntryPoint","urlTemplate":"https:\/\/mediterranean-day-a1.c.wetopi.com\/?s={search_term_string}"},"query-input":{"@type":"PropertyValueSpecification","valueRequired":true,"valueName":"search_term_string"}}],"inLanguage":"ca"},{"@type":"Organization","@id":"https:\/\/mediterranean-day-a1.c.wetopi.com\/#organization","name":"Mediterranean Day","url":"https:\/\/mediterranean-day-a1.c.wetopi.com\/","logo":{"@type":"ImageObject","inLanguage":"ca","@id":"https:\/\/mediterranean-day-a1.c.wetopi.com\/#\/schema\/logo\/image\/","url":"https:\/\/mediterraneanday.com\/wp-content\/uploads\/2020\/11\/med-day-logo.svg","contentUrl":"https:\/\/mediterraneanday.com\/wp-content\/uploads\/2020\/11\/med-day-logo.svg","width":1004,"height":866,"caption":"Mediterranean Day"},"image":{"@id":"https:\/\/mediterranean-day-a1.c.wetopi.com\/#\/schema\/logo\/image\/"}}]}},"_links":{"self":[{"href":"https:\/\/mediterraneanday.com\/ca\/wp-json\/wp\/v2\/pages\/9304","targetHints":{"allow":["GET"]}}],"collection":[{"href":"https:\/\/mediterraneanday.com\/ca\/wp-json\/wp\/v2\/pages"}],"about":[{"href":"https:\/\/mediterraneanday.com\/ca\/wp-json\/wp\/v2\/types\/page"}],"author":[{"embeddable":true,"href":"https:\/\/mediterraneanday.com\/ca\/wp-json\/wp\/v2\/users\/1"}],"replies":[{"embeddable":true,"href":"https:\/\/mediterraneanday.com\/ca\/wp-json\/wp\/v2\/comments?post=9304"}],"version-history":[{"count":0,"href":"https:\/\/mediterraneanday.com\/ca\/wp-json\/wp\/v2\/pages\/9304\/revisions"}],"wp:attachment":[{"href":"https:\/\/mediterraneanday.com\/ca\/wp-json\/wp\/v2\/media?parent=9304"}],"curies":[{"name":"wp","href":"https:\/\/api.w.org\/{rel}","templated":true}]}}