{"id":16590,"date":"2021-03-31T07:33:08","date_gmt":"2021-03-31T07:33:08","guid":{"rendered":"https:\/\/mediterraneanday.com\/learn"},"modified":"2022-06-29T06:58:00","modified_gmt":"2022-06-29T06:58:00","slug":"learn","status":"publish","type":"page","link":"https:\/\/mediterraneanday.com\/de\/learn","title":{"rendered":"Learn"},"content":{"rendered":"\t\t<div data-elementor-type=\"wp-page\" data-elementor-id=\"16590\" class=\"elementor elementor-16590 elementor-1376\" data-elementor-post-type=\"page\">\n\t\t\t\t\t\t<section class=\"elementor-section elementor-top-section elementor-element elementor-element-6324510 elementor-section-stretched elementor-section-boxed elementor-section-height-default elementor-section-height-default\" data-id=\"6324510\" data-element_type=\"section\" data-e-type=\"section\" data-settings=\"{&quot;stretch_section&quot;:&quot;section-stretched&quot;,&quot;background_background&quot;:&quot;classic&quot;}\">\n\t\t\t\t\t\t<div class=\"elementor-container elementor-column-gap-default\">\n\t\t\t\t\t<div class=\"elementor-column elementor-col-100 elementor-top-column elementor-element elementor-element-3c06e28\" data-id=\"3c06e28\" data-element_type=\"column\" data-e-type=\"column\">\n\t\t\t<div class=\"elementor-widget-wrap elementor-element-populated\">\n\t\t\t\t\t\t<div class=\"elementor-element elementor-element-fef2134 elementor-widget elementor-widget-heading\" data-id=\"fef2134\" data-element_type=\"widget\" data-e-type=\"widget\" data-widget_type=\"heading.default\">\n\t\t\t\t<div class=\"elementor-widget-container\">\n\t\t\t\t\t<h1 class=\"elementor-heading-title elementor-size-default\">ENTDECKEN<\/h1>\t\t\t\t<\/div>\n\t\t\t\t<\/div>\n\t\t\t\t\t<\/div>\n\t\t<\/div>\n\t\t\t\t\t<\/div>\n\t\t<\/section>\n\t\t\t\t<section class=\"elementor-section elementor-top-section elementor-element elementor-element-1eb3687 elementor-section-full_width elementor-section-stretched elementor-section-height-default elementor-section-height-default\" data-id=\"1eb3687\" data-element_type=\"section\" data-e-type=\"section\" data-settings=\"{&quot;stretch_section&quot;:&quot;section-stretched&quot;}\">\n\t\t\t\t\t\t<div class=\"elementor-container elementor-column-gap-default\">\n\t\t\t\t\t<div class=\"elementor-column elementor-col-50 elementor-top-column elementor-element elementor-element-61b6174\" data-id=\"61b6174\" data-element_type=\"column\" data-e-type=\"column\" data-settings=\"{&quot;background_background&quot;:&quot;classic&quot;}\">\n\t\t\t<div class=\"elementor-widget-wrap elementor-element-populated\">\n\t\t\t\t\t\t<section class=\"elementor-section elementor-inner-section elementor-element elementor-element-db6a1f4 elementor-section-boxed elementor-section-height-default elementor-section-height-default\" data-id=\"db6a1f4\" data-element_type=\"section\" data-e-type=\"section\">\n\t\t\t\t\t\t<div class=\"elementor-container elementor-column-gap-default\">\n\t\t\t\t\t<div class=\"elementor-column elementor-col-33 elementor-inner-column elementor-element elementor-element-f93f048\" data-id=\"f93f048\" data-element_type=\"column\" data-e-type=\"column\">\n\t\t\t<div class=\"elementor-widget-wrap\">\n\t\t\t\t\t\t\t<\/div>\n\t\t<\/div>\n\t\t\t\t<div class=\"elementor-column elementor-col-33 elementor-inner-column elementor-element elementor-element-6361528\" data-id=\"6361528\" data-element_type=\"column\" data-e-type=\"column\">\n\t\t\t<div class=\"elementor-widget-wrap elementor-element-populated\">\n\t\t\t\t\t\t<div class=\"elementor-element elementor-element-a059347 elementor-widget elementor-widget-heading\" data-id=\"a059347\" data-element_type=\"widget\" data-e-type=\"widget\" data-widget_type=\"heading.default\">\n\t\t\t\t<div class=\"elementor-widget-container\">\n\t\t\t\t\t<h2 class=\"elementor-heading-title elementor-size-default\">Die Geburtsstunde des Mediterranean Day<\/h2>\t\t\t\t<\/div>\n\t\t\t\t<\/div>\n\t\t\t\t<div class=\"elementor-element elementor-element-e4c6c64 elementor-widget elementor-widget-text-editor\" data-id=\"e4c6c64\" data-element_type=\"widget\" data-e-type=\"widget\" data-widget_type=\"text-editor.default\">\n\t\t\t\t<div class=\"elementor-widget-container\">\n\t\t\t\t\t\t\t\t\t<p>Im November 2020 erkl\u00e4rten die 42 Mitgliedstaaten der Union f\u00fcr den Mittelmeerraum (UfM) den 28. November zum offiziellen Mediterranean Day, der j\u00e4hrlich gefeiert werden soll. Die gesamte Mittelmeergemeinschaft und alle, die sich mit dem Mittelmeerraum identifizieren, sind aufgerufen, das Erbe dieser jahrhundertealten Plattform f\u00fcr kulturellen Dialog, Wissen und Humanismus zu feiern.<\/p>\n<p>Der Mittelmeerraum ist ein unersetzlicher Bestandteil des Lebens vieler Menschen in Europa und der ganzen Welt. F\u00fcr die einen ist es ein faszinierendes Reiseland, f\u00fcr die anderen eine Quelle des Lebensunterhalts und f\u00fcr viele eine Heimat. Hier im Mittelmeerraum ist die Vergangenheit allgegenw\u00e4rtig und das &#8222;Neue&#8220; nie weit entfernt.<\/p>\n<p>Dieser einstimmige Beschluss der Mitgliedstaaten f\u00e4llt in eine schwierige Zeit, in der wir mit noch nie dagewesenen Krisen konfrontiert sind. Wir k\u00f6nnen es uns jedoch nicht leisten, die Hoffnung zu verlieren. Wir sollten uns daran erinnern &#8211; und feiern &#8211; wie vielf\u00e4ltig der Mittelmeerraum ist: reich an Geschichte, an nat\u00fcrlichen Ressourcen und an Menschen. Unsere Region birgt ein immenses Potenzial, damit unsere Geschichte als eine Geschichte der Hoffnung und des Erfolgs fortgesetzt werden kann.<\/p>\t\t\t\t\t\t\t\t<\/div>\n\t\t\t\t<\/div>\n\t\t\t\t\t<\/div>\n\t\t<\/div>\n\t\t\t\t<div class=\"elementor-column elementor-col-33 elementor-inner-column elementor-element elementor-element-8641f58\" data-id=\"8641f58\" data-element_type=\"column\" data-e-type=\"column\">\n\t\t\t<div class=\"elementor-widget-wrap\">\n\t\t\t\t\t\t\t<\/div>\n\t\t<\/div>\n\t\t\t\t\t<\/div>\n\t\t<\/section>\n\t\t\t\t\t<\/div>\n\t\t<\/div>\n\t\t\t\t<div class=\"elementor-column elementor-col-50 elementor-top-column elementor-element elementor-element-0664f2c\" data-id=\"0664f2c\" data-element_type=\"column\" data-e-type=\"column\" data-settings=\"{&quot;background_background&quot;:&quot;classic&quot;}\">\n\t\t\t<div class=\"elementor-widget-wrap\">\n\t\t\t\t\t\t\t<\/div>\n\t\t<\/div>\n\t\t\t\t\t<\/div>\n\t\t<\/section>\n\t\t\t\t<section class=\"elementor-section elementor-top-section elementor-element elementor-element-2eaf112 elementor-section-full_width elementor-section-stretched elementor-section-height-default elementor-section-height-default\" data-id=\"2eaf112\" data-element_type=\"section\" data-e-type=\"section\" data-settings=\"{&quot;stretch_section&quot;:&quot;section-stretched&quot;,&quot;background_background&quot;:&quot;classic&quot;}\">\n\t\t\t\t\t\t<div class=\"elementor-container elementor-column-gap-default\">\n\t\t\t\t\t<div class=\"elementor-column elementor-col-33 elementor-top-column elementor-element elementor-element-659d66d\" data-id=\"659d66d\" data-element_type=\"column\" data-e-type=\"column\">\n\t\t\t<div class=\"elementor-widget-wrap\">\n\t\t\t\t\t\t\t<\/div>\n\t\t<\/div>\n\t\t\t\t<div class=\"elementor-column elementor-col-33 elementor-top-column elementor-element elementor-element-39db08e\" data-id=\"39db08e\" data-element_type=\"column\" data-e-type=\"column\">\n\t\t\t<div class=\"elementor-widget-wrap elementor-element-populated\">\n\t\t\t\t\t\t<div class=\"elementor-element elementor-element-8f94f9a elementor-widget elementor-widget-heading\" data-id=\"8f94f9a\" data-element_type=\"widget\" data-e-type=\"widget\" data-widget_type=\"heading.default\">\n\t\t\t\t<div class=\"elementor-widget-container\">\n\t\t\t\t\t<h2 class=\"elementor-heading-title elementor-size-default\">Warum der 28. November?<\/h2>\t\t\t\t<\/div>\n\t\t\t\t<\/div>\n\t\t\t\t<div class=\"elementor-element elementor-element-e2fb0d0 elementor-widget elementor-widget-text-editor\" data-id=\"e2fb0d0\" data-element_type=\"widget\" data-e-type=\"widget\" data-widget_type=\"text-editor.default\">\n\t\t\t\t<div class=\"elementor-widget-container\">\n\t\t\t\t\t\t\t\t\tAm 28. November 1995 hielten die Au\u00dfenminister der EU und von 12 L\u00e4ndern des s\u00fcdlichen und \u00f6stlichen Mittelmeerraums die erste Europa-Mittelmeer-Konferenz in Barcelona ab und unterzeichneten ein Abkommen zur Einleitung des Europa-Mittelmeer-Partnerschaftsprozesses. Der Barcelona-Prozess wurde als neuer Rahmen f\u00fcr den Dialog aus der gemeinsamen Entschlossenheit heraus geboren, den Mittelmeerraum in einen offenen Raum f\u00fcr Frieden, Stabilit\u00e4t, Sicherheit und gemeinsamen Wohlstand zu verwandeln. Der Mediterranean Day soll uns daran erinnern, dass wir trotz der vielen Herausforderungen, die auf uns zukommen, weiterhin gemeinsam vorankommen werden.\t\t\t\t\t\t\t\t<\/div>\n\t\t\t\t<\/div>\n\t\t\t\t<div class=\"elementor-element elementor-element-be976cc elementor-align-center elementor-widget elementor-widget-button\" data-id=\"be976cc\" data-element_type=\"widget\" data-e-type=\"widget\" data-widget_type=\"button.default\">\n\t\t\t\t<div class=\"elementor-widget-container\">\n\t\t\t\t\t\t\t\t\t<div class=\"elementor-button-wrapper\">\n\t\t\t\t\t<a class=\"elementor-button elementor-button-link elementor-size-sm\" href=\"\/de\/share\">\n\t\t\t\t\t\t<span class=\"elementor-button-content-wrapper\">\n\t\t\t\t\t\t\t\t\t<span class=\"elementor-button-text\">Mach mit bei der #MediterraneanDay Kampagne<\/span>\n\t\t\t\t\t<\/span>\n\t\t\t\t\t<\/a>\n\t\t\t\t<\/div>\n\t\t\t\t\t\t\t\t<\/div>\n\t\t\t\t<\/div>\n\t\t\t\t\t<\/div>\n\t\t<\/div>\n\t\t\t\t<div class=\"elementor-column elementor-col-33 elementor-top-column elementor-element elementor-element-7f603f2\" data-id=\"7f603f2\" data-element_type=\"column\" data-e-type=\"column\">\n\t\t\t<div class=\"elementor-widget-wrap\">\n\t\t\t\t\t\t\t<\/div>\n\t\t<\/div>\n\t\t\t\t\t<\/div>\n\t\t<\/section>\n\t\t\t\t<\/div>\n\t\t","protected":false},"excerpt":{"rendered":"<p>ENTDECKEN Die Geburtsstunde des Mediterranean Day Im November 2020 erkl\u00e4rten die 42 Mitgliedstaaten der Union f\u00fcr den Mittelmeerraum (UfM) den 28. November zum offiziellen Mediterranean Day, der j\u00e4hrlich gefeiert werden soll. Die gesamte Mittelmeergemeinschaft und alle, die sich mit dem Mittelmeerraum identifizieren, sind aufgerufen, das Erbe dieser jahrhundertealten Plattform f\u00fcr kulturellen Dialog, Wissen und Humanismus &#8230; <a title=\"Learn\" class=\"read-more\" href=\"https:\/\/mediterraneanday.com\/de\/learn\" aria-label=\"Mehr Informationen \u00fcber Learn\">Weiterlesen<\/a><\/p>\n","protected":false},"author":1,"featured_media":0,"parent":0,"menu_order":0,"comment_status":"closed","ping_status":"closed","template":"","meta":{"footnotes":""},"class_list":["post-16590","page","type-page","status-publish"],"yoast_head":"<!-- This site is optimized with the Yoast SEO Premium plugin v19.1 (Yoast SEO v27.2) - https:\/\/yoast.com\/product\/yoast-seo-premium-wordpress\/ -->\n<title>Celebraci\u00f3n del D\u00eda del Mediterr\u00e1neo | S\u00famate a la campa\u00f1a<\/title>\n<meta name=\"description\" content=\"El 28 de noviembre se celebra en todo el mundo el &quot;D\u00eda del Mediterr\u00e1neo&quot;, que conmemora la inolvidable riqueza cultural del mediterr\u00e1neo \u2714\" \/>\n<meta name=\"robots\" content=\"index, follow, max-snippet:-1, max-image-preview:large, max-video-preview:-1\" \/>\n<link rel=\"canonical\" href=\"https:\/\/mediterranean-day-a1.c.wetopi.com\/de\/learn\" \/>\n<meta property=\"og:locale\" content=\"de_DE\" \/>\n<meta property=\"og:type\" content=\"article\" \/>\n<meta property=\"og:title\" content=\"Learn\" \/>\n<meta property=\"og:description\" content=\"El 28 de noviembre se celebra en todo el mundo el &quot;D\u00eda del Mediterr\u00e1neo&quot;, que conmemora la inolvidable riqueza cultural del mediterr\u00e1neo \u2714\" \/>\n<meta property=\"og:url\" content=\"https:\/\/mediterranean-day-a1.c.wetopi.com\/de\/learn\" \/>\n<meta property=\"og:site_name\" content=\"Mediterranean Day\" \/>\n<meta property=\"article:modified_time\" content=\"2022-06-29T06:58:00+00:00\" \/>\n<meta name=\"twitter:card\" content=\"summary_large_image\" \/>\n<meta name=\"twitter:label1\" content=\"Gesch\u00e4tzte Lesezeit\" \/>\n\t<meta name=\"twitter:data1\" content=\"2\u00a0Minuten\" \/>\n<script type=\"application\/ld+json\" class=\"yoast-schema-graph\">{\"@context\":\"https:\/\/schema.org\",\"@graph\":[{\"@type\":\"WebPage\",\"@id\":\"https:\/\/mediterranean-day-a1.c.wetopi.com\/de\/learn\",\"url\":\"https:\/\/mediterranean-day-a1.c.wetopi.com\/de\/learn\",\"name\":\"Celebraci\u00f3n del D\u00eda del Mediterr\u00e1neo | S\u00famate a la campa\u00f1a\",\"isPartOf\":{\"@id\":\"https:\/\/mediterranean-day-a1.c.wetopi.com\/#website\"},\"datePublished\":\"2021-03-31T07:33:08+00:00\",\"dateModified\":\"2022-06-29T06:58:00+00:00\",\"description\":\"El 28 de noviembre se celebra en todo el mundo el \\\"D\u00eda del Mediterr\u00e1neo\\\", que conmemora la inolvidable riqueza cultural del mediterr\u00e1neo \u2714\",\"breadcrumb\":{\"@id\":\"https:\/\/mediterranean-day-a1.c.wetopi.com\/de\/learn#breadcrumb\"},\"inLanguage\":\"de\",\"potentialAction\":[{\"@type\":\"ReadAction\",\"target\":[\"https:\/\/mediterranean-day-a1.c.wetopi.com\/de\/learn\"]}]},{\"@type\":\"BreadcrumbList\",\"@id\":\"https:\/\/mediterranean-day-a1.c.wetopi.com\/de\/learn#breadcrumb\",\"itemListElement\":[{\"@type\":\"ListItem\",\"position\":1,\"name\":\"Home\",\"item\":\"https:\/\/mediterraneanday.com\/\"},{\"@type\":\"ListItem\",\"position\":2,\"name\":\"Learn\"}]},{\"@type\":\"WebSite\",\"@id\":\"https:\/\/mediterranean-day-a1.c.wetopi.com\/#website\",\"url\":\"https:\/\/mediterranean-day-a1.c.wetopi.com\/\",\"name\":\"Mediterranean Day\",\"description\":\"Celebrating the Mediterranean\",\"publisher\":{\"@id\":\"https:\/\/mediterranean-day-a1.c.wetopi.com\/#organization\"},\"potentialAction\":[{\"@type\":\"SearchAction\",\"target\":{\"@type\":\"EntryPoint\",\"urlTemplate\":\"https:\/\/mediterranean-day-a1.c.wetopi.com\/?s={search_term_string}\"},\"query-input\":{\"@type\":\"PropertyValueSpecification\",\"valueRequired\":true,\"valueName\":\"search_term_string\"}}],\"inLanguage\":\"de\"},{\"@type\":\"Organization\",\"@id\":\"https:\/\/mediterranean-day-a1.c.wetopi.com\/#organization\",\"name\":\"Mediterranean Day\",\"url\":\"https:\/\/mediterranean-day-a1.c.wetopi.com\/\",\"logo\":{\"@type\":\"ImageObject\",\"inLanguage\":\"de\",\"@id\":\"https:\/\/mediterranean-day-a1.c.wetopi.com\/#\/schema\/logo\/image\/\",\"url\":\"https:\/\/mediterraneanday.com\/wp-content\/uploads\/2020\/11\/med-day-logo.svg\",\"contentUrl\":\"https:\/\/mediterraneanday.com\/wp-content\/uploads\/2020\/11\/med-day-logo.svg\",\"width\":1004,\"height\":866,\"caption\":\"Mediterranean Day\"},\"image\":{\"@id\":\"https:\/\/mediterranean-day-a1.c.wetopi.com\/#\/schema\/logo\/image\/\"}}]}<\/script>\n<!-- \/ Yoast SEO Premium plugin. -->","yoast_head_json":{"title":"Celebraci\u00f3n del D\u00eda del Mediterr\u00e1neo | S\u00famate a la campa\u00f1a","description":"El 28 de noviembre se celebra en todo el mundo el \"D\u00eda del Mediterr\u00e1neo\", que conmemora la inolvidable riqueza cultural del mediterr\u00e1neo \u2714","robots":{"index":"index","follow":"follow","max-snippet":"max-snippet:-1","max-image-preview":"max-image-preview:large","max-video-preview":"max-video-preview:-1"},"canonical":"https:\/\/mediterranean-day-a1.c.wetopi.com\/de\/learn","og_locale":"de_DE","og_type":"article","og_title":"Learn","og_description":"El 28 de noviembre se celebra en todo el mundo el \"D\u00eda del Mediterr\u00e1neo\", que conmemora la inolvidable riqueza cultural del mediterr\u00e1neo \u2714","og_url":"https:\/\/mediterranean-day-a1.c.wetopi.com\/de\/learn","og_site_name":"Mediterranean Day","article_modified_time":"2022-06-29T06:58:00+00:00","twitter_card":"summary_large_image","twitter_misc":{"Gesch\u00e4tzte Lesezeit":"2\u00a0Minuten"},"schema":{"@context":"https:\/\/schema.org","@graph":[{"@type":"WebPage","@id":"https:\/\/mediterranean-day-a1.c.wetopi.com\/de\/learn","url":"https:\/\/mediterranean-day-a1.c.wetopi.com\/de\/learn","name":"Celebraci\u00f3n del D\u00eda del Mediterr\u00e1neo | S\u00famate a la campa\u00f1a","isPartOf":{"@id":"https:\/\/mediterranean-day-a1.c.wetopi.com\/#website"},"datePublished":"2021-03-31T07:33:08+00:00","dateModified":"2022-06-29T06:58:00+00:00","description":"El 28 de noviembre se celebra en todo el mundo el \"D\u00eda del Mediterr\u00e1neo\", que conmemora la inolvidable riqueza cultural del mediterr\u00e1neo \u2714","breadcrumb":{"@id":"https:\/\/mediterranean-day-a1.c.wetopi.com\/de\/learn#breadcrumb"},"inLanguage":"de","potentialAction":[{"@type":"ReadAction","target":["https:\/\/mediterranean-day-a1.c.wetopi.com\/de\/learn"]}]},{"@type":"BreadcrumbList","@id":"https:\/\/mediterranean-day-a1.c.wetopi.com\/de\/learn#breadcrumb","itemListElement":[{"@type":"ListItem","position":1,"name":"Home","item":"https:\/\/mediterraneanday.com\/"},{"@type":"ListItem","position":2,"name":"Learn"}]},{"@type":"WebSite","@id":"https:\/\/mediterranean-day-a1.c.wetopi.com\/#website","url":"https:\/\/mediterranean-day-a1.c.wetopi.com\/","name":"Mediterranean Day","description":"Celebrating the Mediterranean","publisher":{"@id":"https:\/\/mediterranean-day-a1.c.wetopi.com\/#organization"},"potentialAction":[{"@type":"SearchAction","target":{"@type":"EntryPoint","urlTemplate":"https:\/\/mediterranean-day-a1.c.wetopi.com\/?s={search_term_string}"},"query-input":{"@type":"PropertyValueSpecification","valueRequired":true,"valueName":"search_term_string"}}],"inLanguage":"de"},{"@type":"Organization","@id":"https:\/\/mediterranean-day-a1.c.wetopi.com\/#organization","name":"Mediterranean Day","url":"https:\/\/mediterranean-day-a1.c.wetopi.com\/","logo":{"@type":"ImageObject","inLanguage":"de","@id":"https:\/\/mediterranean-day-a1.c.wetopi.com\/#\/schema\/logo\/image\/","url":"https:\/\/mediterraneanday.com\/wp-content\/uploads\/2020\/11\/med-day-logo.svg","contentUrl":"https:\/\/mediterraneanday.com\/wp-content\/uploads\/2020\/11\/med-day-logo.svg","width":1004,"height":866,"caption":"Mediterranean Day"},"image":{"@id":"https:\/\/mediterranean-day-a1.c.wetopi.com\/#\/schema\/logo\/image\/"}}]}},"_links":{"self":[{"href":"https:\/\/mediterraneanday.com\/de\/wp-json\/wp\/v2\/pages\/16590","targetHints":{"allow":["GET"]}}],"collection":[{"href":"https:\/\/mediterraneanday.com\/de\/wp-json\/wp\/v2\/pages"}],"about":[{"href":"https:\/\/mediterraneanday.com\/de\/wp-json\/wp\/v2\/types\/page"}],"author":[{"embeddable":true,"href":"https:\/\/mediterraneanday.com\/de\/wp-json\/wp\/v2\/users\/1"}],"replies":[{"embeddable":true,"href":"https:\/\/mediterraneanday.com\/de\/wp-json\/wp\/v2\/comments?post=16590"}],"version-history":[{"count":0,"href":"https:\/\/mediterraneanday.com\/de\/wp-json\/wp\/v2\/pages\/16590\/revisions"}],"wp:attachment":[{"href":"https:\/\/mediterraneanday.com\/de\/wp-json\/wp\/v2\/media?parent=16590"}],"curies":[{"name":"wp","href":"https:\/\/api.w.org\/{rel}","templated":true}]}}