{"id":1445,"date":"2021-03-31T07:33:08","date_gmt":"2021-03-31T07:33:08","guid":{"rendered":"https:\/\/mediterraneanday.com\/learn"},"modified":"2021-05-12T11:24:38","modified_gmt":"2021-05-12T11:24:38","slug":"learn","status":"publish","type":"page","link":"https:\/\/mediterraneanday.com\/fr\/learn","title":{"rendered":"Learn"},"content":{"rendered":"\t\t<div data-elementor-type=\"wp-page\" data-elementor-id=\"1445\" class=\"elementor elementor-1445 elementor-1376\" data-elementor-post-type=\"page\">\n\t\t\t\t\t\t<section class=\"elementor-section elementor-top-section elementor-element elementor-element-6324510 elementor-section-stretched elementor-section-boxed elementor-section-height-default elementor-section-height-default\" data-id=\"6324510\" data-element_type=\"section\" data-e-type=\"section\" data-settings=\"{&quot;stretch_section&quot;:&quot;section-stretched&quot;,&quot;background_background&quot;:&quot;classic&quot;}\">\n\t\t\t\t\t\t<div class=\"elementor-container elementor-column-gap-default\">\n\t\t\t\t\t<div class=\"elementor-column elementor-col-100 elementor-top-column elementor-element elementor-element-3c06e28\" data-id=\"3c06e28\" data-element_type=\"column\" data-e-type=\"column\">\n\t\t\t<div class=\"elementor-widget-wrap elementor-element-populated\">\n\t\t\t\t\t\t<div class=\"elementor-element elementor-element-fef2134 elementor-widget elementor-widget-heading\" data-id=\"fef2134\" data-element_type=\"widget\" data-e-type=\"widget\" data-widget_type=\"heading.default\">\n\t\t\t\t<div class=\"elementor-widget-container\">\n\t\t\t\t\t<h1 class=\"elementor-heading-title elementor-size-default\">APPRENDRE<\/h1>\t\t\t\t<\/div>\n\t\t\t\t<\/div>\n\t\t\t\t\t<\/div>\n\t\t<\/div>\n\t\t\t\t\t<\/div>\n\t\t<\/section>\n\t\t\t\t<section class=\"elementor-section elementor-top-section elementor-element elementor-element-1eb3687 elementor-section-full_width elementor-section-stretched elementor-section-height-default elementor-section-height-default\" data-id=\"1eb3687\" data-element_type=\"section\" data-e-type=\"section\" data-settings=\"{&quot;stretch_section&quot;:&quot;section-stretched&quot;}\">\n\t\t\t\t\t\t<div class=\"elementor-container elementor-column-gap-default\">\n\t\t\t\t\t<div class=\"elementor-column elementor-col-50 elementor-top-column elementor-element elementor-element-61b6174\" data-id=\"61b6174\" data-element_type=\"column\" data-e-type=\"column\" data-settings=\"{&quot;background_background&quot;:&quot;classic&quot;}\">\n\t\t\t<div class=\"elementor-widget-wrap elementor-element-populated\">\n\t\t\t\t\t\t<section class=\"elementor-section elementor-inner-section elementor-element elementor-element-db6a1f4 elementor-section-boxed elementor-section-height-default elementor-section-height-default\" data-id=\"db6a1f4\" data-element_type=\"section\" data-e-type=\"section\">\n\t\t\t\t\t\t<div class=\"elementor-container elementor-column-gap-default\">\n\t\t\t\t\t<div class=\"elementor-column elementor-col-33 elementor-inner-column elementor-element elementor-element-f93f048\" data-id=\"f93f048\" data-element_type=\"column\" data-e-type=\"column\">\n\t\t\t<div class=\"elementor-widget-wrap\">\n\t\t\t\t\t\t\t<\/div>\n\t\t<\/div>\n\t\t\t\t<div class=\"elementor-column elementor-col-33 elementor-inner-column elementor-element elementor-element-6361528\" data-id=\"6361528\" data-element_type=\"column\" data-e-type=\"column\">\n\t\t\t<div class=\"elementor-widget-wrap elementor-element-populated\">\n\t\t\t\t\t\t<div class=\"elementor-element elementor-element-a059347 elementor-widget elementor-widget-heading\" data-id=\"a059347\" data-element_type=\"widget\" data-e-type=\"widget\" data-widget_type=\"heading.default\">\n\t\t\t\t<div class=\"elementor-widget-container\">\n\t\t\t\t\t<h2 class=\"elementor-heading-title elementor-size-default\">La Journ\u00e9e de la M\u00e9diterran\u00e9e est n\u00e9e<\/h2>\t\t\t\t<\/div>\n\t\t\t\t<\/div>\n\t\t\t\t<div class=\"elementor-element elementor-element-e4c6c64 elementor-widget elementor-widget-text-editor\" data-id=\"e4c6c64\" data-element_type=\"widget\" data-e-type=\"widget\" data-widget_type=\"text-editor.default\">\n\t\t\t\t<div class=\"elementor-widget-container\">\n\t\t\t\t\t\t\t\t\t<p>En novembre 2020, les 42 \u00c9tats membres de l&rsquo;Union pour la M\u00e9diterran\u00e9e ont d\u00e9clar\u00e9 officiellement le 28 novembre Journ\u00e9e de la M\u00e9diterran\u00e9e, qui sera c\u00e9l\u00e9br\u00e9e chaque ann\u00e9e, appelant l&rsquo;ensemble de la communaut\u00e9 m\u00e9diterran\u00e9enne et tous ceux qui s&rsquo;identifient \u00e0 la M\u00e9diterran\u00e9e \u00e0 c\u00e9l\u00e9brer l&rsquo;h\u00e9ritage mill\u00e9naire de cette agora d&rsquo;humanisme, de sagesse et de dialogue culturel.<\/p><p>La M\u00e9diterran\u00e9e \u00e9veille aujourd&rsquo;hui en nous un large \u00e9ventail d&rsquo;\u00e9motions et constitue un \u00e9l\u00e9ment central \u00e0 nos vies. Elle est terre fascinante pour certains, source de subsistance pour d&rsquo;autres et un foyer pour beaucoup. C&rsquo;est ici, en M\u00e9diterran\u00e9e, que le pass\u00e9 est toujours pr\u00e9sent et que \u00ab\u00a0l&rsquo;autre\u00a0\u00bb n&rsquo;est jamais loin.<\/p><p>Cette d\u00e9cision unanime des \u00c9tats membres intervient \u00e0 un moment difficile, alors que nous sommes confront\u00e9s \u00e0 des crises sans pr\u00e9c\u00e9dent. Cependant, nous ne pouvons pas nous permettre de perdre espoir. Nous devons nous rappeler &#8211; et c\u00e9l\u00e9brer &#8211; la richesse de la M\u00e9diterran\u00e9e : riche de son histoire, de ses ressources naturelles et des peuples qui la composent, notre r\u00e9gion rec\u00e8le un potentiel immense. Il nous suffit donc de le saisir pour que notre futur s&rsquo;\u00e9crive \u00e0 la lueur de l\u2019espoir, alors que nous construisons ensemble l\u2019avenir que nous souhaitons voir.<\/p>\t\t\t\t\t\t\t\t<\/div>\n\t\t\t\t<\/div>\n\t\t\t\t\t<\/div>\n\t\t<\/div>\n\t\t\t\t<div class=\"elementor-column elementor-col-33 elementor-inner-column elementor-element elementor-element-8641f58\" data-id=\"8641f58\" data-element_type=\"column\" data-e-type=\"column\">\n\t\t\t<div class=\"elementor-widget-wrap\">\n\t\t\t\t\t\t\t<\/div>\n\t\t<\/div>\n\t\t\t\t\t<\/div>\n\t\t<\/section>\n\t\t\t\t\t<\/div>\n\t\t<\/div>\n\t\t\t\t<div class=\"elementor-column elementor-col-50 elementor-top-column elementor-element elementor-element-0664f2c\" data-id=\"0664f2c\" data-element_type=\"column\" data-e-type=\"column\" data-settings=\"{&quot;background_background&quot;:&quot;classic&quot;}\">\n\t\t\t<div class=\"elementor-widget-wrap\">\n\t\t\t\t\t\t\t<\/div>\n\t\t<\/div>\n\t\t\t\t\t<\/div>\n\t\t<\/section>\n\t\t\t\t<section class=\"elementor-section elementor-top-section elementor-element elementor-element-2eaf112 elementor-section-full_width elementor-section-stretched elementor-section-height-default elementor-section-height-default\" data-id=\"2eaf112\" data-element_type=\"section\" data-e-type=\"section\" data-settings=\"{&quot;stretch_section&quot;:&quot;section-stretched&quot;,&quot;background_background&quot;:&quot;classic&quot;}\">\n\t\t\t\t\t\t<div class=\"elementor-container elementor-column-gap-default\">\n\t\t\t\t\t<div class=\"elementor-column elementor-col-33 elementor-top-column elementor-element elementor-element-659d66d\" data-id=\"659d66d\" data-element_type=\"column\" data-e-type=\"column\">\n\t\t\t<div class=\"elementor-widget-wrap\">\n\t\t\t\t\t\t\t<\/div>\n\t\t<\/div>\n\t\t\t\t<div class=\"elementor-column elementor-col-33 elementor-top-column elementor-element elementor-element-39db08e\" data-id=\"39db08e\" data-element_type=\"column\" data-e-type=\"column\">\n\t\t\t<div class=\"elementor-widget-wrap elementor-element-populated\">\n\t\t\t\t\t\t<div class=\"elementor-element elementor-element-8f94f9a elementor-widget elementor-widget-heading\" data-id=\"8f94f9a\" data-element_type=\"widget\" data-e-type=\"widget\" data-widget_type=\"heading.default\">\n\t\t\t\t<div class=\"elementor-widget-container\">\n\t\t\t\t\t<h2 class=\"elementor-heading-title elementor-size-default\">Pourquoi le 28 novembre? <\/h2>\t\t\t\t<\/div>\n\t\t\t\t<\/div>\n\t\t\t\t<div class=\"elementor-element elementor-element-e2fb0d0 elementor-widget elementor-widget-text-editor\" data-id=\"e2fb0d0\" data-element_type=\"widget\" data-e-type=\"widget\" data-widget_type=\"text-editor.default\">\n\t\t\t\t<div class=\"elementor-widget-container\">\n\t\t\t\t\t\t\t\t\t<p>Le 28 novembre 1995, les ministres des Affaires \u00e9trang\u00e8res de l&rsquo;UE et de 12 pays du sud et de l&rsquo;est de la M\u00e9diterran\u00e9e ont tenu la premi\u00e8re conf\u00e9rence euro-m\u00e9diterran\u00e9enne \u00e0 Barcelone et ont sign\u00e9 un accord pour lancer le processus de partenariat euro-m\u00e9diterran\u00e9en. Le processus de Barcelone est n\u00e9 comme un nouveau cadre de dialogue issu d&rsquo;une r\u00e9solution partag\u00e9e de faire de la r\u00e9gion m\u00e9diterran\u00e9enne un espace commun de paix, de stabilit\u00e9, de s\u00e9curit\u00e9 et de progr\u00e8s socio\u00e9conomique.<\/p><p>Malgr\u00e9 les d\u00e9fis qui peuvent se pr\u00e9senter \u00e0 nous, <strong>la Journ\u00e9e de la M\u00e9diterran\u00e9e est un pr\u00e9cieux rappel de cet engagement, pour continuer \u00e0 avancer ensemble.<\/strong><\/p>\t\t\t\t\t\t\t\t<\/div>\n\t\t\t\t<\/div>\n\t\t\t\t<div class=\"elementor-element elementor-element-be976cc elementor-align-center elementor-widget elementor-widget-button\" data-id=\"be976cc\" data-element_type=\"widget\" data-e-type=\"widget\" data-widget_type=\"button.default\">\n\t\t\t\t<div class=\"elementor-widget-container\">\n\t\t\t\t\t\t\t\t\t<div class=\"elementor-button-wrapper\">\n\t\t\t\t\t<a class=\"elementor-button elementor-button-link elementor-size-sm\" href=\"https:\/\/mediterraneanday.com\/fr\/share\">\n\t\t\t\t\t\t<span class=\"elementor-button-content-wrapper\">\n\t\t\t\t\t\t\t\t\t<span class=\"elementor-button-text\">Rejoignez la campagne #JourneeMediterranee<\/span>\n\t\t\t\t\t<\/span>\n\t\t\t\t\t<\/a>\n\t\t\t\t<\/div>\n\t\t\t\t\t\t\t\t<\/div>\n\t\t\t\t<\/div>\n\t\t\t\t\t<\/div>\n\t\t<\/div>\n\t\t\t\t<div class=\"elementor-column elementor-col-33 elementor-top-column elementor-element elementor-element-7f603f2\" data-id=\"7f603f2\" data-element_type=\"column\" data-e-type=\"column\">\n\t\t\t<div class=\"elementor-widget-wrap\">\n\t\t\t\t\t\t\t<\/div>\n\t\t<\/div>\n\t\t\t\t\t<\/div>\n\t\t<\/section>\n\t\t\t\t<\/div>\n\t\t","protected":false},"excerpt":{"rendered":"<p>APPRENDRE La Journ\u00e9e de la M\u00e9diterran\u00e9e est n\u00e9e En novembre 2020, les 42 \u00c9tats membres de l&rsquo;Union pour la M\u00e9diterran\u00e9e ont d\u00e9clar\u00e9 officiellement le 28 novembre Journ\u00e9e de la M\u00e9diterran\u00e9e, qui sera c\u00e9l\u00e9br\u00e9e chaque ann\u00e9e, appelant l&rsquo;ensemble de la communaut\u00e9 m\u00e9diterran\u00e9enne et tous ceux qui s&rsquo;identifient \u00e0 la M\u00e9diterran\u00e9e \u00e0 c\u00e9l\u00e9brer l&rsquo;h\u00e9ritage mill\u00e9naire de cette &#8230; <a title=\"Learn\" class=\"read-more\" href=\"https:\/\/mediterraneanday.com\/fr\/learn\" aria-label=\"En savoir plus sur Learn\">Lire la suite<\/a><\/p>\n","protected":false},"author":1,"featured_media":0,"parent":0,"menu_order":0,"comment_status":"closed","ping_status":"closed","template":"","meta":{"footnotes":""},"class_list":["post-1445","page","type-page","status-publish"],"yoast_head":"<!-- This site is optimized with the Yoast SEO Premium plugin v19.1 (Yoast SEO v27.2) - https:\/\/yoast.com\/product\/yoast-seo-premium-wordpress\/ -->\n<title>Learn - Mediterranean Day<\/title>\n<meta name=\"robots\" content=\"index, follow, max-snippet:-1, max-image-preview:large, max-video-preview:-1\" \/>\n<link rel=\"canonical\" href=\"https:\/\/mediterranean-day-a1.c.wetopi.com\/fr\/learn\" \/>\n<meta property=\"og:locale\" content=\"fr_FR\" \/>\n<meta property=\"og:type\" content=\"article\" \/>\n<meta property=\"og:title\" content=\"Learn\" \/>\n<meta property=\"og:description\" content=\"APPRENDRE La Journ\u00e9e de la M\u00e9diterran\u00e9e est n\u00e9e En novembre 2020, les 42 \u00c9tats membres de l&rsquo;Union pour la M\u00e9diterran\u00e9e ont d\u00e9clar\u00e9 officiellement le 28 novembre Journ\u00e9e de la M\u00e9diterran\u00e9e, qui sera c\u00e9l\u00e9br\u00e9e chaque ann\u00e9e, appelant l&rsquo;ensemble de la communaut\u00e9 m\u00e9diterran\u00e9enne et tous ceux qui s&rsquo;identifient \u00e0 la M\u00e9diterran\u00e9e \u00e0 c\u00e9l\u00e9brer l&rsquo;h\u00e9ritage mill\u00e9naire de cette ... Lire la suite\" \/>\n<meta property=\"og:url\" content=\"https:\/\/mediterranean-day-a1.c.wetopi.com\/fr\/learn\" \/>\n<meta property=\"og:site_name\" content=\"Mediterranean Day\" \/>\n<meta property=\"article:modified_time\" content=\"2021-05-12T11:24:38+00:00\" \/>\n<meta name=\"twitter:card\" content=\"summary_large_image\" \/>\n<meta name=\"twitter:label1\" content=\"Dur\u00e9e de lecture estim\u00e9e\" \/>\n\t<meta name=\"twitter:data1\" content=\"2 minutes\" \/>\n<script type=\"application\/ld+json\" class=\"yoast-schema-graph\">{\"@context\":\"https:\/\/schema.org\",\"@graph\":[{\"@type\":\"WebPage\",\"@id\":\"https:\/\/mediterranean-day-a1.c.wetopi.com\/fr\/learn\",\"url\":\"https:\/\/mediterranean-day-a1.c.wetopi.com\/fr\/learn\",\"name\":\"Learn - Mediterranean Day\",\"isPartOf\":{\"@id\":\"https:\/\/mediterranean-day-a1.c.wetopi.com\/#website\"},\"datePublished\":\"2021-03-31T07:33:08+00:00\",\"dateModified\":\"2021-05-12T11:24:38+00:00\",\"breadcrumb\":{\"@id\":\"https:\/\/mediterranean-day-a1.c.wetopi.com\/fr\/learn#breadcrumb\"},\"inLanguage\":\"fr-FR\",\"potentialAction\":[{\"@type\":\"ReadAction\",\"target\":[\"https:\/\/mediterranean-day-a1.c.wetopi.com\/fr\/learn\"]}]},{\"@type\":\"BreadcrumbList\",\"@id\":\"https:\/\/mediterranean-day-a1.c.wetopi.com\/fr\/learn#breadcrumb\",\"itemListElement\":[{\"@type\":\"ListItem\",\"position\":1,\"name\":\"Home\",\"item\":\"https:\/\/mediterraneanday.com\/\"},{\"@type\":\"ListItem\",\"position\":2,\"name\":\"Learn\"}]},{\"@type\":\"WebSite\",\"@id\":\"https:\/\/mediterranean-day-a1.c.wetopi.com\/#website\",\"url\":\"https:\/\/mediterranean-day-a1.c.wetopi.com\/\",\"name\":\"Mediterranean Day\",\"description\":\"Celebrating the Mediterranean\",\"publisher\":{\"@id\":\"https:\/\/mediterranean-day-a1.c.wetopi.com\/#organization\"},\"potentialAction\":[{\"@type\":\"SearchAction\",\"target\":{\"@type\":\"EntryPoint\",\"urlTemplate\":\"https:\/\/mediterranean-day-a1.c.wetopi.com\/?s={search_term_string}\"},\"query-input\":{\"@type\":\"PropertyValueSpecification\",\"valueRequired\":true,\"valueName\":\"search_term_string\"}}],\"inLanguage\":\"fr-FR\"},{\"@type\":\"Organization\",\"@id\":\"https:\/\/mediterranean-day-a1.c.wetopi.com\/#organization\",\"name\":\"Mediterranean Day\",\"url\":\"https:\/\/mediterranean-day-a1.c.wetopi.com\/\",\"logo\":{\"@type\":\"ImageObject\",\"inLanguage\":\"fr-FR\",\"@id\":\"https:\/\/mediterranean-day-a1.c.wetopi.com\/#\/schema\/logo\/image\/\",\"url\":\"https:\/\/mediterraneanday.com\/wp-content\/uploads\/2020\/11\/med-day-logo.svg\",\"contentUrl\":\"https:\/\/mediterraneanday.com\/wp-content\/uploads\/2020\/11\/med-day-logo.svg\",\"caption\":\"Mediterranean Day\"},\"image\":{\"@id\":\"https:\/\/mediterranean-day-a1.c.wetopi.com\/#\/schema\/logo\/image\/\"}}]}<\/script>\n<!-- \/ Yoast SEO Premium plugin. -->","yoast_head_json":{"title":"Learn - Mediterranean Day","robots":{"index":"index","follow":"follow","max-snippet":"max-snippet:-1","max-image-preview":"max-image-preview:large","max-video-preview":"max-video-preview:-1"},"canonical":"https:\/\/mediterranean-day-a1.c.wetopi.com\/fr\/learn","og_locale":"fr_FR","og_type":"article","og_title":"Learn","og_description":"APPRENDRE La Journ\u00e9e de la M\u00e9diterran\u00e9e est n\u00e9e En novembre 2020, les 42 \u00c9tats membres de l&rsquo;Union pour la M\u00e9diterran\u00e9e ont d\u00e9clar\u00e9 officiellement le 28 novembre Journ\u00e9e de la M\u00e9diterran\u00e9e, qui sera c\u00e9l\u00e9br\u00e9e chaque ann\u00e9e, appelant l&rsquo;ensemble de la communaut\u00e9 m\u00e9diterran\u00e9enne et tous ceux qui s&rsquo;identifient \u00e0 la M\u00e9diterran\u00e9e \u00e0 c\u00e9l\u00e9brer l&rsquo;h\u00e9ritage mill\u00e9naire de cette ... Lire la suite","og_url":"https:\/\/mediterranean-day-a1.c.wetopi.com\/fr\/learn","og_site_name":"Mediterranean Day","article_modified_time":"2021-05-12T11:24:38+00:00","twitter_card":"summary_large_image","twitter_misc":{"Dur\u00e9e de lecture estim\u00e9e":"2 minutes"},"schema":{"@context":"https:\/\/schema.org","@graph":[{"@type":"WebPage","@id":"https:\/\/mediterranean-day-a1.c.wetopi.com\/fr\/learn","url":"https:\/\/mediterranean-day-a1.c.wetopi.com\/fr\/learn","name":"Learn - Mediterranean Day","isPartOf":{"@id":"https:\/\/mediterranean-day-a1.c.wetopi.com\/#website"},"datePublished":"2021-03-31T07:33:08+00:00","dateModified":"2021-05-12T11:24:38+00:00","breadcrumb":{"@id":"https:\/\/mediterranean-day-a1.c.wetopi.com\/fr\/learn#breadcrumb"},"inLanguage":"fr-FR","potentialAction":[{"@type":"ReadAction","target":["https:\/\/mediterranean-day-a1.c.wetopi.com\/fr\/learn"]}]},{"@type":"BreadcrumbList","@id":"https:\/\/mediterranean-day-a1.c.wetopi.com\/fr\/learn#breadcrumb","itemListElement":[{"@type":"ListItem","position":1,"name":"Home","item":"https:\/\/mediterraneanday.com\/"},{"@type":"ListItem","position":2,"name":"Learn"}]},{"@type":"WebSite","@id":"https:\/\/mediterranean-day-a1.c.wetopi.com\/#website","url":"https:\/\/mediterranean-day-a1.c.wetopi.com\/","name":"Mediterranean Day","description":"Celebrating the Mediterranean","publisher":{"@id":"https:\/\/mediterranean-day-a1.c.wetopi.com\/#organization"},"potentialAction":[{"@type":"SearchAction","target":{"@type":"EntryPoint","urlTemplate":"https:\/\/mediterranean-day-a1.c.wetopi.com\/?s={search_term_string}"},"query-input":{"@type":"PropertyValueSpecification","valueRequired":true,"valueName":"search_term_string"}}],"inLanguage":"fr-FR"},{"@type":"Organization","@id":"https:\/\/mediterranean-day-a1.c.wetopi.com\/#organization","name":"Mediterranean Day","url":"https:\/\/mediterranean-day-a1.c.wetopi.com\/","logo":{"@type":"ImageObject","inLanguage":"fr-FR","@id":"https:\/\/mediterranean-day-a1.c.wetopi.com\/#\/schema\/logo\/image\/","url":"https:\/\/mediterraneanday.com\/wp-content\/uploads\/2020\/11\/med-day-logo.svg","contentUrl":"https:\/\/mediterraneanday.com\/wp-content\/uploads\/2020\/11\/med-day-logo.svg","caption":"Mediterranean Day"},"image":{"@id":"https:\/\/mediterranean-day-a1.c.wetopi.com\/#\/schema\/logo\/image\/"}}]}},"_links":{"self":[{"href":"https:\/\/mediterraneanday.com\/fr\/wp-json\/wp\/v2\/pages\/1445","targetHints":{"allow":["GET"]}}],"collection":[{"href":"https:\/\/mediterraneanday.com\/fr\/wp-json\/wp\/v2\/pages"}],"about":[{"href":"https:\/\/mediterraneanday.com\/fr\/wp-json\/wp\/v2\/types\/page"}],"author":[{"embeddable":true,"href":"https:\/\/mediterraneanday.com\/fr\/wp-json\/wp\/v2\/users\/1"}],"replies":[{"embeddable":true,"href":"https:\/\/mediterraneanday.com\/fr\/wp-json\/wp\/v2\/comments?post=1445"}],"version-history":[{"count":0,"href":"https:\/\/mediterraneanday.com\/fr\/wp-json\/wp\/v2\/pages\/1445\/revisions"}],"wp:attachment":[{"href":"https:\/\/mediterraneanday.com\/fr\/wp-json\/wp\/v2\/media?parent=1445"}],"curies":[{"name":"wp","href":"https:\/\/api.w.org\/{rel}","templated":true}]}}